{"id":18176,"date":"2021-10-20T09:59:07","date_gmt":"2021-10-20T14:59:07","guid":{"rendered":"https:\/\/nailssupply.kachita.com\/?post_type=product&#038;p=18176"},"modified":"2021-10-20T10:00:01","modified_gmt":"2021-10-20T15:00:01","slug":"esmalte-de-unas-en-gel-101-kachita-spell-15ml-resultados-profesionales","status":"publish","type":"product","link":"https:\/\/nailssupply.kachita.com\/es\/comprar\/esmalte-de-unas-en-gel-101-kachita-spell-15ml-resultados-profesionales\/","title":{"rendered":"Esmalte de U\u00f1as en Gel #101 Kachita Spell 15ml Resultados Profesionales"},"content":{"rendered":"","protected":false},"excerpt":{"rendered":"<p>Compre el esmalte de u\u00f1as en gel de Kachita Spell #101. Los mejores productos de manicura con esmalte en gel para lograr resultados profesionales.<\/p>\n<p>Esmalte de u\u00f1as en gel Kachita Spell con hasta 14 d\u00edas de uso con resultados profesionales. Semanas de brillo espejo, sin astillas, sin pelar y sin f\u00e1cil remoci\u00f3n.<\/p>\n<p>Beneficios<br \/>\nEnvase de 15 ml<br \/>\nNails Salon First Choise para el color y el cuidado de las u\u00f1as.<br \/>\nOlor de chocolate<br \/>\n\u00daselo con l\u00e1mpara de u\u00f1as LED UV de gel, base de gel y capa superior de gel.<br \/>\nNo se necesita alcohol para secar la capa superior.<br \/>\n14 d\u00edas de calidad de sal\u00f3n garantizados<br \/>\nSin astillas ni peladuras.<br \/>\nColores vibrantes.<br \/>\nF\u00f3rmulas suaves.<br \/>\nPara cada necesidad de manicura y pedicura.<br \/>\nF\u00e1cil de usar.<\/p>\n","protected":false},"featured_media":18494,"template":"","meta":[],"product_brand":[],"product_cat":[158,155],"product_tag":[],"class_list":{"0":"post-18176","1":"product","2":"type-product","3":"status-publish","4":"has-post-thumbnail","6":"product_cat-efecto-marmol-esmalte-gel","7":"product_cat-esmalte-unas-gel","9":"first","10":"instock","11":"sale","12":"taxable","13":"shipping-taxable","14":"purchasable","15":"product-type-simple"},"yoast_head":"<!-- This site is optimized with the Yoast SEO plugin v27.2 - https:\/\/yoast.com\/product\/yoast-seo-wordpress\/ -->\n<title>Esmalte de U\u00f1as en Gel #101 Kachita Spell 15ml Resultados Profesionales - Kachita Spell Nails Supply<\/title>\n<meta name=\"robots\" content=\"index, follow, max-snippet:-1, max-image-preview:large, max-video-preview:-1\" \/>\n<link rel=\"canonical\" href=\"https:\/\/nailssupply.kachita.com\/es\/comprar\/esmalte-de-unas-en-gel-101-kachita-spell-15ml-resultados-profesionales\/\" \/>\n<meta property=\"og:locale\" content=\"es_ES\" \/>\n<meta property=\"og:type\" content=\"article\" \/>\n<meta property=\"og:title\" content=\"Esmalte de U\u00f1as en Gel #101 Kachita Spell 15ml Resultados Profesionales - Kachita Spell Nails Supply\" \/>\n<meta property=\"og:description\" content=\"Compre el esmalte de u\u00f1as en gel de Kachita Spell #101. Los mejores productos de manicura con esmalte en gel para lograr resultados profesionales.  Esmalte de u\u00f1as en gel Kachita Spell con hasta 14 d\u00edas de uso con resultados profesionales. Semanas de brillo espejo, sin astillas, sin pelar y sin f\u00e1cil remoci\u00f3n.  Beneficios Envase de 15 ml Nails Salon First Choise para el color y el cuidado de las u\u00f1as. Olor de chocolate \u00daselo con l\u00e1mpara de u\u00f1as LED UV de gel, base de gel y capa superior de gel. No se necesita alcohol para secar la capa superior. 14 d\u00edas de calidad de sal\u00f3n garantizados Sin astillas ni peladuras. Colores vibrantes. F\u00f3rmulas suaves. Para cada necesidad de manicura y pedicura. F\u00e1cil de usar.\" \/>\n<meta property=\"og:url\" content=\"https:\/\/nailssupply.kachita.com\/es\/comprar\/esmalte-de-unas-en-gel-101-kachita-spell-15ml-resultados-profesionales\/\" \/>\n<meta property=\"og:site_name\" content=\"Kachita Spell Nails Supply\" \/>\n<meta property=\"article:publisher\" content=\"https:\/\/www.facebook.com\/KachitaSpell\/\" \/>\n<meta property=\"article:modified_time\" content=\"2021-10-20T15:00:01+00:00\" \/>\n<meta property=\"og:image\" content=\"https:\/\/nailssupply.kachita.com\/wp-content\/uploads\/2021\/10\/kachita-spell-gel-nail-polish-101-2.jpg\" \/>\n\t<meta property=\"og:image:width\" content=\"1500\" \/>\n\t<meta property=\"og:image:height\" content=\"1500\" \/>\n\t<meta property=\"og:image:type\" content=\"image\/jpeg\" \/>\n<meta name=\"twitter:card\" content=\"summary_large_image\" \/>\n<meta name=\"twitter:site\" content=\"@KachitaSpell\" \/>\n<script type=\"application\/ld+json\" class=\"yoast-schema-graph\">{\"@context\":\"https:\/\/schema.org\",\"@graph\":[{\"@type\":\"WebPage\",\"@id\":\"https:\/\/nailssupply.kachita.com\/es\/comprar\/esmalte-de-unas-en-gel-101-kachita-spell-15ml-resultados-profesionales\/\",\"url\":\"https:\/\/nailssupply.kachita.com\/es\/comprar\/esmalte-de-unas-en-gel-101-kachita-spell-15ml-resultados-profesionales\/\",\"name\":\"Esmalte de U\u00f1as en Gel #101 Kachita Spell 15ml Resultados Profesionales - Kachita Spell Nails Supply\",\"isPartOf\":{\"@id\":\"https:\/\/nailssupply.kachita.com\/es\/#website\"},\"primaryImageOfPage\":{\"@id\":\"https:\/\/nailssupply.kachita.com\/es\/comprar\/esmalte-de-unas-en-gel-101-kachita-spell-15ml-resultados-profesionales\/#primaryimage\"},\"image\":{\"@id\":\"https:\/\/nailssupply.kachita.com\/es\/comprar\/esmalte-de-unas-en-gel-101-kachita-spell-15ml-resultados-profesionales\/#primaryimage\"},\"thumbnailUrl\":\"https:\/\/nailssupply.kachita.com\/wp-content\/uploads\/2021\/10\/kachita-spell-gel-nail-polish-101-2.jpg\",\"datePublished\":\"2021-10-20T14:59:07+00:00\",\"dateModified\":\"2021-10-20T15:00:01+00:00\",\"breadcrumb\":{\"@id\":\"https:\/\/nailssupply.kachita.com\/es\/comprar\/esmalte-de-unas-en-gel-101-kachita-spell-15ml-resultados-profesionales\/#breadcrumb\"},\"inLanguage\":\"es\",\"potentialAction\":[{\"@type\":\"ReadAction\",\"target\":[\"https:\/\/nailssupply.kachita.com\/es\/comprar\/esmalte-de-unas-en-gel-101-kachita-spell-15ml-resultados-profesionales\/\"]}]},{\"@type\":\"ImageObject\",\"inLanguage\":\"es\",\"@id\":\"https:\/\/nailssupply.kachita.com\/es\/comprar\/esmalte-de-unas-en-gel-101-kachita-spell-15ml-resultados-profesionales\/#primaryimage\",\"url\":\"https:\/\/nailssupply.kachita.com\/wp-content\/uploads\/2021\/10\/kachita-spell-gel-nail-polish-101-2.jpg\",\"contentUrl\":\"https:\/\/nailssupply.kachita.com\/wp-content\/uploads\/2021\/10\/kachita-spell-gel-nail-polish-101-2.jpg\",\"width\":1500,\"height\":1500,\"caption\":\"Gel Nail Polish Kachita Spell 101\"},{\"@type\":\"BreadcrumbList\",\"@id\":\"https:\/\/nailssupply.kachita.com\/es\/comprar\/esmalte-de-unas-en-gel-101-kachita-spell-15ml-resultados-profesionales\/#breadcrumb\",\"itemListElement\":[{\"@type\":\"ListItem\",\"position\":1,\"name\":\"Home\",\"item\":\"https:\/\/nailssupply.kachita.com\/es\/\"},{\"@type\":\"ListItem\",\"position\":2,\"name\":\"Tienda\",\"item\":\"https:\/\/nailssupply.kachita.com\/es\/tienda\/\"},{\"@type\":\"ListItem\",\"position\":3,\"name\":\"Esmalte de U\u00f1as en Gel #101 Kachita Spell 15ml Resultados Profesionales\"}]},{\"@type\":\"WebSite\",\"@id\":\"https:\/\/nailssupply.kachita.com\/es\/#website\",\"url\":\"https:\/\/nailssupply.kachita.com\/es\/\",\"name\":\"Kachita Spell\",\"description\":\"Kachita con K de Keratina\",\"publisher\":{\"@id\":\"https:\/\/nailssupply.kachita.com\/es\/#organization\"},\"potentialAction\":[{\"@type\":\"SearchAction\",\"target\":{\"@type\":\"EntryPoint\",\"urlTemplate\":\"https:\/\/nailssupply.kachita.com\/es\/?s={search_term_string}\"},\"query-input\":{\"@type\":\"PropertyValueSpecification\",\"valueRequired\":true,\"valueName\":\"search_term_string\"}}],\"inLanguage\":\"es\"},{\"@type\":\"Organization\",\"@id\":\"https:\/\/nailssupply.kachita.com\/es\/#organization\",\"name\":\"Kachita Spell\",\"url\":\"https:\/\/nailssupply.kachita.com\/es\/\",\"logo\":{\"@type\":\"ImageObject\",\"inLanguage\":\"es\",\"@id\":\"https:\/\/nailssupply.kachita.com\/es\/#\/schema\/logo\/image\/\",\"url\":\"https:\/\/nailssupply.kachita.com\/wp-content\/uploads\/2020\/01\/logo-icon.png\",\"contentUrl\":\"https:\/\/nailssupply.kachita.com\/wp-content\/uploads\/2020\/01\/logo-icon.png\",\"width\":512,\"height\":512,\"caption\":\"Kachita Spell\"},\"image\":{\"@id\":\"https:\/\/nailssupply.kachita.com\/es\/#\/schema\/logo\/image\/\"},\"sameAs\":[\"https:\/\/www.facebook.com\/KachitaSpell\/\",\"https:\/\/x.com\/KachitaSpell\",\"https:\/\/www.instagram.com\/kachitaspell\/\"]}]}<\/script>\n<!-- \/ Yoast SEO plugin. -->","yoast_head_json":{"title":"Esmalte de U\u00f1as en Gel #101 Kachita Spell 15ml Resultados Profesionales - Kachita Spell Nails Supply","robots":{"index":"index","follow":"follow","max-snippet":"max-snippet:-1","max-image-preview":"max-image-preview:large","max-video-preview":"max-video-preview:-1"},"canonical":"https:\/\/nailssupply.kachita.com\/es\/comprar\/esmalte-de-unas-en-gel-101-kachita-spell-15ml-resultados-profesionales\/","og_locale":"es_ES","og_type":"article","og_title":"Esmalte de U\u00f1as en Gel #101 Kachita Spell 15ml Resultados Profesionales - Kachita Spell Nails Supply","og_description":"Compre el esmalte de u\u00f1as en gel de Kachita Spell #101. Los mejores productos de manicura con esmalte en gel para lograr resultados profesionales.  Esmalte de u\u00f1as en gel Kachita Spell con hasta 14 d\u00edas de uso con resultados profesionales. Semanas de brillo espejo, sin astillas, sin pelar y sin f\u00e1cil remoci\u00f3n.  Beneficios Envase de 15 ml Nails Salon First Choise para el color y el cuidado de las u\u00f1as. Olor de chocolate \u00daselo con l\u00e1mpara de u\u00f1as LED UV de gel, base de gel y capa superior de gel. No se necesita alcohol para secar la capa superior. 14 d\u00edas de calidad de sal\u00f3n garantizados Sin astillas ni peladuras. Colores vibrantes. F\u00f3rmulas suaves. Para cada necesidad de manicura y pedicura. F\u00e1cil de usar.","og_url":"https:\/\/nailssupply.kachita.com\/es\/comprar\/esmalte-de-unas-en-gel-101-kachita-spell-15ml-resultados-profesionales\/","og_site_name":"Kachita Spell Nails Supply","article_publisher":"https:\/\/www.facebook.com\/KachitaSpell\/","article_modified_time":"2021-10-20T15:00:01+00:00","og_image":[{"width":1500,"height":1500,"url":"https:\/\/nailssupply.kachita.com\/wp-content\/uploads\/2021\/10\/kachita-spell-gel-nail-polish-101-2.jpg","type":"image\/jpeg"}],"twitter_card":"summary_large_image","twitter_site":"@KachitaSpell","schema":{"@context":"https:\/\/schema.org","@graph":[{"@type":"WebPage","@id":"https:\/\/nailssupply.kachita.com\/es\/comprar\/esmalte-de-unas-en-gel-101-kachita-spell-15ml-resultados-profesionales\/","url":"https:\/\/nailssupply.kachita.com\/es\/comprar\/esmalte-de-unas-en-gel-101-kachita-spell-15ml-resultados-profesionales\/","name":"Esmalte de U\u00f1as en Gel #101 Kachita Spell 15ml Resultados Profesionales - Kachita Spell Nails Supply","isPartOf":{"@id":"https:\/\/nailssupply.kachita.com\/es\/#website"},"primaryImageOfPage":{"@id":"https:\/\/nailssupply.kachita.com\/es\/comprar\/esmalte-de-unas-en-gel-101-kachita-spell-15ml-resultados-profesionales\/#primaryimage"},"image":{"@id":"https:\/\/nailssupply.kachita.com\/es\/comprar\/esmalte-de-unas-en-gel-101-kachita-spell-15ml-resultados-profesionales\/#primaryimage"},"thumbnailUrl":"https:\/\/nailssupply.kachita.com\/wp-content\/uploads\/2021\/10\/kachita-spell-gel-nail-polish-101-2.jpg","datePublished":"2021-10-20T14:59:07+00:00","dateModified":"2021-10-20T15:00:01+00:00","breadcrumb":{"@id":"https:\/\/nailssupply.kachita.com\/es\/comprar\/esmalte-de-unas-en-gel-101-kachita-spell-15ml-resultados-profesionales\/#breadcrumb"},"inLanguage":"es","potentialAction":[{"@type":"ReadAction","target":["https:\/\/nailssupply.kachita.com\/es\/comprar\/esmalte-de-unas-en-gel-101-kachita-spell-15ml-resultados-profesionales\/"]}]},{"@type":"ImageObject","inLanguage":"es","@id":"https:\/\/nailssupply.kachita.com\/es\/comprar\/esmalte-de-unas-en-gel-101-kachita-spell-15ml-resultados-profesionales\/#primaryimage","url":"https:\/\/nailssupply.kachita.com\/wp-content\/uploads\/2021\/10\/kachita-spell-gel-nail-polish-101-2.jpg","contentUrl":"https:\/\/nailssupply.kachita.com\/wp-content\/uploads\/2021\/10\/kachita-spell-gel-nail-polish-101-2.jpg","width":1500,"height":1500,"caption":"Gel Nail Polish Kachita Spell 101"},{"@type":"BreadcrumbList","@id":"https:\/\/nailssupply.kachita.com\/es\/comprar\/esmalte-de-unas-en-gel-101-kachita-spell-15ml-resultados-profesionales\/#breadcrumb","itemListElement":[{"@type":"ListItem","position":1,"name":"Home","item":"https:\/\/nailssupply.kachita.com\/es\/"},{"@type":"ListItem","position":2,"name":"Tienda","item":"https:\/\/nailssupply.kachita.com\/es\/tienda\/"},{"@type":"ListItem","position":3,"name":"Esmalte de U\u00f1as en Gel #101 Kachita Spell 15ml Resultados Profesionales"}]},{"@type":"WebSite","@id":"https:\/\/nailssupply.kachita.com\/es\/#website","url":"https:\/\/nailssupply.kachita.com\/es\/","name":"Kachita Spell","description":"Kachita con K de Keratina","publisher":{"@id":"https:\/\/nailssupply.kachita.com\/es\/#organization"},"potentialAction":[{"@type":"SearchAction","target":{"@type":"EntryPoint","urlTemplate":"https:\/\/nailssupply.kachita.com\/es\/?s={search_term_string}"},"query-input":{"@type":"PropertyValueSpecification","valueRequired":true,"valueName":"search_term_string"}}],"inLanguage":"es"},{"@type":"Organization","@id":"https:\/\/nailssupply.kachita.com\/es\/#organization","name":"Kachita Spell","url":"https:\/\/nailssupply.kachita.com\/es\/","logo":{"@type":"ImageObject","inLanguage":"es","@id":"https:\/\/nailssupply.kachita.com\/es\/#\/schema\/logo\/image\/","url":"https:\/\/nailssupply.kachita.com\/wp-content\/uploads\/2020\/01\/logo-icon.png","contentUrl":"https:\/\/nailssupply.kachita.com\/wp-content\/uploads\/2020\/01\/logo-icon.png","width":512,"height":512,"caption":"Kachita Spell"},"image":{"@id":"https:\/\/nailssupply.kachita.com\/es\/#\/schema\/logo\/image\/"},"sameAs":["https:\/\/www.facebook.com\/KachitaSpell\/","https:\/\/x.com\/KachitaSpell","https:\/\/www.instagram.com\/kachitaspell\/"]}]}},"jetpack_sharing_enabled":true,"_links":{"self":[{"href":"https:\/\/nailssupply.kachita.com\/es\/wp-json\/wp\/v2\/product\/18176","targetHints":{"allow":["GET"]}}],"collection":[{"href":"https:\/\/nailssupply.kachita.com\/es\/wp-json\/wp\/v2\/product"}],"about":[{"href":"https:\/\/nailssupply.kachita.com\/es\/wp-json\/wp\/v2\/types\/product"}],"wp:featuredmedia":[{"embeddable":true,"href":"https:\/\/nailssupply.kachita.com\/es\/wp-json\/wp\/v2\/media\/18494"}],"wp:attachment":[{"href":"https:\/\/nailssupply.kachita.com\/es\/wp-json\/wp\/v2\/media?parent=18176"}],"wp:term":[{"taxonomy":"product_brand","embeddable":true,"href":"https:\/\/nailssupply.kachita.com\/es\/wp-json\/wp\/v2\/product_brand?post=18176"},{"taxonomy":"product_cat","embeddable":true,"href":"https:\/\/nailssupply.kachita.com\/es\/wp-json\/wp\/v2\/product_cat?post=18176"},{"taxonomy":"product_tag","embeddable":true,"href":"https:\/\/nailssupply.kachita.com\/es\/wp-json\/wp\/v2\/product_tag?post=18176"}],"curies":[{"name":"wp","href":"https:\/\/api.w.org\/{rel}","templated":true}]}}