{"id":18567,"date":"2021-11-01T16:26:22","date_gmt":"2021-11-01T21:26:22","guid":{"rendered":"https:\/\/nailssupply.kachita.com\/shop\/18567\/"},"modified":"2021-11-01T16:47:15","modified_gmt":"2021-11-01T21:47:15","slug":"18567","status":"publish","type":"product","link":"https:\/\/nailssupply.kachita.com\/es\/comprar\/18567\/","title":{"rendered":"6 Colores de Esmaltes de u\u00f1as Gel + Base + Top Coat"},"content":{"rendered":"","protected":false},"excerpt":{"rendered":"<p>Vas a conseguir:<br \/>\n&#8211; 6 Esmalte de u\u00f1as en gel Kachita Spell Colors 15 ml a su elecci\u00f3n (por favor, h\u00e1ganos saber los colores en la nota de pedido al momento de pagar)<br \/>\n&#8211; 1 Base Kachita Spell<br \/>\n&#8211; 1 Top Coat Kachita Spel<br \/>\n&#8211; Env\u00edo gratis<\/p>\n","protected":false},"featured_media":18564,"template":"","meta":[],"product_brand":[],"product_cat":[155,161],"product_tag":[],"class_list":{"0":"post-18567","1":"product","2":"type-product","3":"status-publish","4":"has-post-thumbnail","6":"product_cat-esmalte-unas-gel","7":"product_cat-kits-unas","9":"first","10":"instock","11":"sale","12":"taxable","13":"shipping-taxable","14":"purchasable","15":"product-type-simple"},"yoast_head":"<!-- This site is optimized with the Yoast SEO plugin v27.4 - https:\/\/yoast.com\/product\/yoast-seo-wordpress\/ -->\n<title>6 Colores de Esmaltes de u\u00f1as Gel + Base + Top Coat - Kachita Spell Nails Supply<\/title>\n<meta name=\"robots\" content=\"index, follow, max-snippet:-1, max-image-preview:large, max-video-preview:-1\" \/>\n<link rel=\"canonical\" href=\"https:\/\/nailssupply.kachita.com\/es\/comprar\/18567\/\" \/>\n<meta property=\"og:locale\" content=\"es_ES\" \/>\n<meta property=\"og:type\" content=\"article\" \/>\n<meta property=\"og:title\" content=\"6 Colores de Esmaltes de u\u00f1as Gel + Base + Top Coat - Kachita Spell Nails Supply\" \/>\n<meta property=\"og:description\" content=\"Vas a conseguir: - 6 Esmalte de u\u00f1as en gel Kachita Spell Colors 15 ml a su elecci\u00f3n (por favor, h\u00e1ganos saber los colores en la nota de pedido al momento de pagar) - 1 Base Kachita Spell - 1 Top Coat Kachita Spel - Env\u00edo gratis\" \/>\n<meta property=\"og:url\" content=\"https:\/\/nailssupply.kachita.com\/es\/comprar\/18567\/\" \/>\n<meta property=\"og:site_name\" content=\"Kachita Spell Nails Supply\" \/>\n<meta property=\"article:publisher\" content=\"https:\/\/www.facebook.com\/KachitaSpell\/\" \/>\n<meta property=\"article:modified_time\" content=\"2021-11-01T21:47:15+00:00\" \/>\n<meta property=\"og:image\" content=\"https:\/\/nailssupply.kachita.com\/wp-content\/uploads\/2021\/11\/base-top-6colors.png\" \/>\n\t<meta property=\"og:image:width\" content=\"1500\" \/>\n\t<meta property=\"og:image:height\" content=\"1500\" \/>\n\t<meta property=\"og:image:type\" content=\"image\/png\" \/>\n<meta name=\"twitter:card\" content=\"summary_large_image\" \/>\n<meta name=\"twitter:site\" content=\"@KachitaSpell\" \/>\n<script type=\"application\/ld+json\" class=\"yoast-schema-graph\">{\"@context\":\"https:\\\/\\\/schema.org\",\"@graph\":[{\"@type\":\"WebPage\",\"@id\":\"https:\\\/\\\/nailssupply.kachita.com\\\/es\\\/comprar\\\/18567\\\/\",\"url\":\"https:\\\/\\\/nailssupply.kachita.com\\\/es\\\/comprar\\\/18567\\\/\",\"name\":\"6 Colores de Esmaltes de u\u00f1as Gel + Base + Top Coat - Kachita Spell Nails Supply\",\"isPartOf\":{\"@id\":\"https:\\\/\\\/nailssupply.kachita.com\\\/es\\\/#website\"},\"primaryImageOfPage\":{\"@id\":\"https:\\\/\\\/nailssupply.kachita.com\\\/es\\\/comprar\\\/18567\\\/#primaryimage\"},\"image\":{\"@id\":\"https:\\\/\\\/nailssupply.kachita.com\\\/es\\\/comprar\\\/18567\\\/#primaryimage\"},\"thumbnailUrl\":\"https:\\\/\\\/nailssupply.kachita.com\\\/wp-content\\\/uploads\\\/2021\\\/11\\\/base-top-6colors.png\",\"datePublished\":\"2021-11-01T21:26:22+00:00\",\"dateModified\":\"2021-11-01T21:47:15+00:00\",\"breadcrumb\":{\"@id\":\"https:\\\/\\\/nailssupply.kachita.com\\\/es\\\/comprar\\\/18567\\\/#breadcrumb\"},\"inLanguage\":\"es\",\"potentialAction\":[{\"@type\":\"ReadAction\",\"target\":[\"https:\\\/\\\/nailssupply.kachita.com\\\/es\\\/comprar\\\/18567\\\/\"]}]},{\"@type\":\"ImageObject\",\"inLanguage\":\"es\",\"@id\":\"https:\\\/\\\/nailssupply.kachita.com\\\/es\\\/comprar\\\/18567\\\/#primaryimage\",\"url\":\"https:\\\/\\\/nailssupply.kachita.com\\\/wp-content\\\/uploads\\\/2021\\\/11\\\/base-top-6colors.png\",\"contentUrl\":\"https:\\\/\\\/nailssupply.kachita.com\\\/wp-content\\\/uploads\\\/2021\\\/11\\\/base-top-6colors.png\",\"width\":1500,\"height\":1500},{\"@type\":\"BreadcrumbList\",\"@id\":\"https:\\\/\\\/nailssupply.kachita.com\\\/es\\\/comprar\\\/18567\\\/#breadcrumb\",\"itemListElement\":[{\"@type\":\"ListItem\",\"position\":1,\"name\":\"Home\",\"item\":\"https:\\\/\\\/nailssupply.kachita.com\\\/es\\\/\"},{\"@type\":\"ListItem\",\"position\":2,\"name\":\"Tienda\",\"item\":\"https:\\\/\\\/nailssupply.kachita.com\\\/es\\\/tienda\\\/\"},{\"@type\":\"ListItem\",\"position\":3,\"name\":\"6 Colores de Esmaltes de u\u00f1as Gel + Base + Top Coat\"}]},{\"@type\":\"WebSite\",\"@id\":\"https:\\\/\\\/nailssupply.kachita.com\\\/es\\\/#website\",\"url\":\"https:\\\/\\\/nailssupply.kachita.com\\\/es\\\/\",\"name\":\"Kachita Spell\",\"description\":\"Kachita con K de Keratina\",\"publisher\":{\"@id\":\"https:\\\/\\\/nailssupply.kachita.com\\\/es\\\/#organization\"},\"potentialAction\":[{\"@type\":\"SearchAction\",\"target\":{\"@type\":\"EntryPoint\",\"urlTemplate\":\"https:\\\/\\\/nailssupply.kachita.com\\\/es\\\/?s={search_term_string}\"},\"query-input\":{\"@type\":\"PropertyValueSpecification\",\"valueRequired\":true,\"valueName\":\"search_term_string\"}}],\"inLanguage\":\"es\"},{\"@type\":\"Organization\",\"@id\":\"https:\\\/\\\/nailssupply.kachita.com\\\/es\\\/#organization\",\"name\":\"Kachita Spell\",\"url\":\"https:\\\/\\\/nailssupply.kachita.com\\\/es\\\/\",\"logo\":{\"@type\":\"ImageObject\",\"inLanguage\":\"es\",\"@id\":\"https:\\\/\\\/nailssupply.kachita.com\\\/es\\\/#\\\/schema\\\/logo\\\/image\\\/\",\"url\":\"https:\\\/\\\/nailssupply.kachita.com\\\/wp-content\\\/uploads\\\/2020\\\/01\\\/logo-icon.png\",\"contentUrl\":\"https:\\\/\\\/nailssupply.kachita.com\\\/wp-content\\\/uploads\\\/2020\\\/01\\\/logo-icon.png\",\"width\":512,\"height\":512,\"caption\":\"Kachita Spell\"},\"image\":{\"@id\":\"https:\\\/\\\/nailssupply.kachita.com\\\/es\\\/#\\\/schema\\\/logo\\\/image\\\/\"},\"sameAs\":[\"https:\\\/\\\/www.facebook.com\\\/KachitaSpell\\\/\",\"https:\\\/\\\/x.com\\\/KachitaSpell\",\"https:\\\/\\\/www.instagram.com\\\/kachitaspell\\\/\"]}]}<\/script>\n<!-- \/ Yoast SEO plugin. -->","yoast_head_json":{"title":"6 Colores de Esmaltes de u\u00f1as Gel + Base + Top Coat - Kachita Spell Nails Supply","robots":{"index":"index","follow":"follow","max-snippet":"max-snippet:-1","max-image-preview":"max-image-preview:large","max-video-preview":"max-video-preview:-1"},"canonical":"https:\/\/nailssupply.kachita.com\/es\/comprar\/18567\/","og_locale":"es_ES","og_type":"article","og_title":"6 Colores de Esmaltes de u\u00f1as Gel + Base + Top Coat - Kachita Spell Nails Supply","og_description":"Vas a conseguir: - 6 Esmalte de u\u00f1as en gel Kachita Spell Colors 15 ml a su elecci\u00f3n (por favor, h\u00e1ganos saber los colores en la nota de pedido al momento de pagar) - 1 Base Kachita Spell - 1 Top Coat Kachita Spel - Env\u00edo gratis","og_url":"https:\/\/nailssupply.kachita.com\/es\/comprar\/18567\/","og_site_name":"Kachita Spell Nails Supply","article_publisher":"https:\/\/www.facebook.com\/KachitaSpell\/","article_modified_time":"2021-11-01T21:47:15+00:00","og_image":[{"width":1500,"height":1500,"url":"https:\/\/nailssupply.kachita.com\/wp-content\/uploads\/2021\/11\/base-top-6colors.png","type":"image\/png"}],"twitter_card":"summary_large_image","twitter_site":"@KachitaSpell","schema":{"@context":"https:\/\/schema.org","@graph":[{"@type":"WebPage","@id":"https:\/\/nailssupply.kachita.com\/es\/comprar\/18567\/","url":"https:\/\/nailssupply.kachita.com\/es\/comprar\/18567\/","name":"6 Colores de Esmaltes de u\u00f1as Gel + Base + Top Coat - Kachita Spell Nails Supply","isPartOf":{"@id":"https:\/\/nailssupply.kachita.com\/es\/#website"},"primaryImageOfPage":{"@id":"https:\/\/nailssupply.kachita.com\/es\/comprar\/18567\/#primaryimage"},"image":{"@id":"https:\/\/nailssupply.kachita.com\/es\/comprar\/18567\/#primaryimage"},"thumbnailUrl":"https:\/\/nailssupply.kachita.com\/wp-content\/uploads\/2021\/11\/base-top-6colors.png","datePublished":"2021-11-01T21:26:22+00:00","dateModified":"2021-11-01T21:47:15+00:00","breadcrumb":{"@id":"https:\/\/nailssupply.kachita.com\/es\/comprar\/18567\/#breadcrumb"},"inLanguage":"es","potentialAction":[{"@type":"ReadAction","target":["https:\/\/nailssupply.kachita.com\/es\/comprar\/18567\/"]}]},{"@type":"ImageObject","inLanguage":"es","@id":"https:\/\/nailssupply.kachita.com\/es\/comprar\/18567\/#primaryimage","url":"https:\/\/nailssupply.kachita.com\/wp-content\/uploads\/2021\/11\/base-top-6colors.png","contentUrl":"https:\/\/nailssupply.kachita.com\/wp-content\/uploads\/2021\/11\/base-top-6colors.png","width":1500,"height":1500},{"@type":"BreadcrumbList","@id":"https:\/\/nailssupply.kachita.com\/es\/comprar\/18567\/#breadcrumb","itemListElement":[{"@type":"ListItem","position":1,"name":"Home","item":"https:\/\/nailssupply.kachita.com\/es\/"},{"@type":"ListItem","position":2,"name":"Tienda","item":"https:\/\/nailssupply.kachita.com\/es\/tienda\/"},{"@type":"ListItem","position":3,"name":"6 Colores de Esmaltes de u\u00f1as Gel + Base + Top Coat"}]},{"@type":"WebSite","@id":"https:\/\/nailssupply.kachita.com\/es\/#website","url":"https:\/\/nailssupply.kachita.com\/es\/","name":"Kachita Spell","description":"Kachita con K de Keratina","publisher":{"@id":"https:\/\/nailssupply.kachita.com\/es\/#organization"},"potentialAction":[{"@type":"SearchAction","target":{"@type":"EntryPoint","urlTemplate":"https:\/\/nailssupply.kachita.com\/es\/?s={search_term_string}"},"query-input":{"@type":"PropertyValueSpecification","valueRequired":true,"valueName":"search_term_string"}}],"inLanguage":"es"},{"@type":"Organization","@id":"https:\/\/nailssupply.kachita.com\/es\/#organization","name":"Kachita Spell","url":"https:\/\/nailssupply.kachita.com\/es\/","logo":{"@type":"ImageObject","inLanguage":"es","@id":"https:\/\/nailssupply.kachita.com\/es\/#\/schema\/logo\/image\/","url":"https:\/\/nailssupply.kachita.com\/wp-content\/uploads\/2020\/01\/logo-icon.png","contentUrl":"https:\/\/nailssupply.kachita.com\/wp-content\/uploads\/2020\/01\/logo-icon.png","width":512,"height":512,"caption":"Kachita Spell"},"image":{"@id":"https:\/\/nailssupply.kachita.com\/es\/#\/schema\/logo\/image\/"},"sameAs":["https:\/\/www.facebook.com\/KachitaSpell\/","https:\/\/x.com\/KachitaSpell","https:\/\/www.instagram.com\/kachitaspell\/"]}]}},"jetpack_sharing_enabled":true,"_links":{"self":[{"href":"https:\/\/nailssupply.kachita.com\/es\/wp-json\/wp\/v2\/product\/18567","targetHints":{"allow":["GET"]}}],"collection":[{"href":"https:\/\/nailssupply.kachita.com\/es\/wp-json\/wp\/v2\/product"}],"about":[{"href":"https:\/\/nailssupply.kachita.com\/es\/wp-json\/wp\/v2\/types\/product"}],"wp:featuredmedia":[{"embeddable":true,"href":"https:\/\/nailssupply.kachita.com\/es\/wp-json\/wp\/v2\/media\/18564"}],"wp:attachment":[{"href":"https:\/\/nailssupply.kachita.com\/es\/wp-json\/wp\/v2\/media?parent=18567"}],"wp:term":[{"taxonomy":"product_brand","embeddable":true,"href":"https:\/\/nailssupply.kachita.com\/es\/wp-json\/wp\/v2\/product_brand?post=18567"},{"taxonomy":"product_cat","embeddable":true,"href":"https:\/\/nailssupply.kachita.com\/es\/wp-json\/wp\/v2\/product_cat?post=18567"},{"taxonomy":"product_tag","embeddable":true,"href":"https:\/\/nailssupply.kachita.com\/es\/wp-json\/wp\/v2\/product_tag?post=18567"}],"curies":[{"name":"wp","href":"https:\/\/api.w.org\/{rel}","templated":true}]}}